{"id":957,"date":"2021-08-23T15:48:24","date_gmt":"2021-08-23T13:48:24","guid":{"rendered":"https:\/\/www.distinction.global\/biography\/"},"modified":"2023-01-10T11:22:03","modified_gmt":"2023-01-10T10:22:03","slug":"biography","status":"publish","type":"page","link":"https:\/\/www.distinction.global\/pt-pt\/biography\/","title":{"rendered":"Biography"},"content":{"rendered":"\t\t<div data-elementor-type=\"wp-page\" data-elementor-id=\"957\" class=\"elementor elementor-957 elementor-782\" data-elementor-post-type=\"page\">\n\t\t\t\t\t\t<section class=\"elementor-section elementor-top-section elementor-element elementor-element-ef5e194 elementor-section-full_width elementor-section-height-min-height elementor-section-height-default elementor-section-items-middle\" data-id=\"ef5e194\" data-element_type=\"section\" data-settings=\"{&quot;background_background&quot;:&quot;classic&quot;}\">\n\t\t\t\t\t\t<div class=\"elementor-container elementor-column-gap-default\">\n\t\t\t\t\t<div class=\"elementor-column elementor-col-100 elementor-top-column elementor-element elementor-element-24c62c0\" data-id=\"24c62c0\" data-element_type=\"column\">\n\t\t\t<div class=\"elementor-widget-wrap elementor-element-populated\">\n\t\t\t\t\t\t<div class=\"elementor-element elementor-element-0027f47 elementor-widget elementor-widget-heading\" data-id=\"0027f47\" data-element_type=\"widget\" data-widget_type=\"heading.default\">\n\t\t\t\t<div class=\"elementor-widget-container\">\n\t\t\t\t\t<h2 class=\"elementor-heading-title elementor-size-default\">Biography<\/h2>\t\t\t\t<\/div>\n\t\t\t\t<\/div>\n\t\t\t\t\t<\/div>\n\t\t<\/div>\n\t\t\t\t\t<\/div>\n\t\t<\/section>\n\t\t\t\t<section class=\"elementor-section elementor-top-section elementor-element elementor-element-a84963a elementor-section-boxed elementor-section-height-default elementor-section-height-default\" data-id=\"a84963a\" data-element_type=\"section\" data-settings=\"{&quot;background_background&quot;:&quot;classic&quot;}\">\n\t\t\t\t\t\t<div class=\"elementor-container elementor-column-gap-default\">\n\t\t\t\t\t<div class=\"elementor-column elementor-col-100 elementor-top-column elementor-element elementor-element-71ffec6\" data-id=\"71ffec6\" data-element_type=\"column\">\n\t\t\t<div class=\"elementor-widget-wrap elementor-element-populated\">\n\t\t\t\t\t\t<div class=\"elementor-element elementor-element-3c9c2d4 elementor-widget elementor-widget-text-editor\" data-id=\"3c9c2d4\" data-element_type=\"widget\" data-widget_type=\"text-editor.default\">\n\t\t\t\t<div class=\"elementor-widget-container\">\n\t\t\t\t\t\t\t\t\t<p><strong>Peter Hacker<\/strong>\u00e9 licenciado em Economia pela Universidade de Ci\u00eancias Aplicadas de Zurique e possuidor de dois MBA, outorgados pela London Business School (com distin\u00e7\u00e3o) e pela Columbia Business School (com men\u00e7\u00e3o honrosa).<\/p>\n<p>Antes de cofundar a Distinction.Global em 2015, previamente um departamento do Instituto Alem\u00e3o de Pesquisa do Cibercrime, com sede em Col\u00f3nia, um observat\u00f3rio independente de combate ao cibercrime, Peter dirigiu os servi\u00e7os globais de an\u00e1lise de ciberamea\u00e7as (CTM) da JLT e da Swiss Re, e foi diretor de inova\u00e7\u00e3o da EdBroking. A sua trajet\u00f3ria global tem vindo a ser desenvolvida no \u00e2mbito da tecnologia, dos seguros e resseguros, e das finan\u00e7as estruturadas.<\/p>\n<p>H\u00e1 muitos anos que a sua carreira e trabalho t\u00eam como foco a gest\u00e3o ao mais alto n\u00edvel em Zurique, Londres, Nova Iorque, S\u00e3o Paulo, Sidney e Singapura.<\/p>\n<p>Ao longo da sua bem-sucedida carreira, dedicou-se aos mercados europeu, asi\u00e1tico, norte e latino-americano, em todas as linhas de neg\u00f3cio associadas aos seguros do ramo n\u00e3o vida, tendo desenvolvido uma compreens\u00e3o diferenciada de um setor verdadeiramente global. Criou e dirigiu equipas de distintos contextos culturais. Construiu uma rede pessoal s\u00f3lida e diversificada em todo o setor, do qual se tornou um reconhecido especialista e l\u00edder. Peter \u00e9 poliglota (EN, FR, DE, PT, ES) e interv\u00e9m frequentemente em todo o mundo como especialista em ciberseguran\u00e7a.<\/span><\/p>\n<p>Atualmente, \u00e9 diretor da Distinction.Global, um think-tank privado e independente, centrado nos setores da tecnologia e servi\u00e7os financeiros, e presta assessoria a diversas empresas de seguros diretos e resseguros, no \u00e2mbito silent cyber. O seu trabalho e investiga\u00e7\u00e3o centram-se primariamente na utiliza\u00e7\u00e3o de recursos de aprendizagem manual e autom\u00e1tica (incluindo intelig\u00eancia clausal e contra ciberamea\u00e7as) no sentido de promover a robustez das rela\u00e7\u00f5es contratuais e melhorar as avalia\u00e7\u00f5es de risco e as contrata\u00e7\u00f5es de resseguros. Estas solu\u00e7\u00f5es, orientadas por intelig\u00eancia artificial, n\u00e3o se limitam a permitir aos conselhos de administra\u00e7\u00e3o captar mais eficazmente os requisitos de gest\u00e3o de riscos, jur\u00eddicos, de subscri\u00e7\u00e3o e gest\u00e3o de produto, proporcionando tamb\u00e9m, e acima de tudo, informa\u00e7\u00f5es utiliz\u00e1veis a acionistas, reguladores e ag\u00eancias de classifica\u00e7\u00e3o.<\/p>\n<p>O mercado da ciberseguran\u00e7a \u00e9 ainda muito jovem e enfrenta grande n\u00famero de incertezas, como aconteceu no \u00e2mbito da modela\u00e7\u00e3o de cat\u00e1strofes naturais, h\u00e1 25 anos. Ao mesmo tempo, as mudan\u00e7as sem precedentes no panorama das ciberamea\u00e7as desafiam ativamente as primeiras conquistas da modela\u00e7\u00e3o de amea\u00e7as. Peter encontra-se na vanguarda destes desafios, com o seu trabalho na cria\u00e7\u00e3o de ap\u00f3lices de seguro e resseguro contra ciberataques e no desenvolvimento de capacidades de modelagem de portf\u00f3lios.<\/p>\n\t\t\t\t\t\t\t\t<\/div>\n\t\t\t\t<\/div>\n\t\t\t\t<div class=\"elementor-element elementor-element-9d4f015 elementor-widget elementor-widget-button\" data-id=\"9d4f015\" data-element_type=\"widget\" data-widget_type=\"button.default\">\n\t\t\t\t<div class=\"elementor-widget-container\">\n\t\t\t\t\t\t\t\t\t<div class=\"elementor-button-wrapper\">\n\t\t\t\t\t<a class=\"elementor-button elementor-button-link elementor-size-md\" href=\"http:\/\/www.distinction.global\">\n\t\t\t\t\t\t<span class=\"elementor-button-content-wrapper\">\n\t\t\t\t\t\t\t\t\t<span class=\"elementor-button-text\">BACK<\/span>\n\t\t\t\t\t<\/span>\n\t\t\t\t\t<\/a>\n\t\t\t\t<\/div>\n\t\t\t\t\t\t\t\t<\/div>\n\t\t\t\t<\/div>\n\t\t\t\t\t<\/div>\n\t\t<\/div>\n\t\t\t\t\t<\/div>\n\t\t<\/section>\n\t\t\t\t<\/div>\n\t\t","protected":false},"excerpt":{"rendered":"<p>Biography Peter Hacker\u00e9 licenciado em Economia pela Universidade de Ci\u00eancias Aplicadas de Zurique e possuidor de dois MBA, outorgados pela London Business School (com distin\u00e7\u00e3o) e pela Columbia Business School (com men\u00e7\u00e3o honrosa). Antes de cofundar a Distinction.Global em 2015, previamente um departamento do Instituto Alem\u00e3o de Pesquisa do Cibercrime, com sede em Col\u00f3nia, um [&hellip;]<\/p>\n","protected":false},"author":1,"featured_media":0,"parent":0,"menu_order":0,"comment_status":"closed","ping_status":"closed","template":"","meta":{"om_disable_all_campaigns":false,"_monsterinsights_skip_tracking":false,"_monsterinsights_sitenote_active":false,"_monsterinsights_sitenote_note":"","_monsterinsights_sitenote_category":0,"_uf_show_specific_survey":0,"_uf_disable_surveys":false,"footnotes":""},"class_list":["post-957","page","type-page","status-publish","hentry"],"aioseo_notices":[],"_links":{"self":[{"href":"https:\/\/www.distinction.global\/pt-pt\/wp-json\/wp\/v2\/pages\/957","targetHints":{"allow":["GET"]}}],"collection":[{"href":"https:\/\/www.distinction.global\/pt-pt\/wp-json\/wp\/v2\/pages"}],"about":[{"href":"https:\/\/www.distinction.global\/pt-pt\/wp-json\/wp\/v2\/types\/page"}],"author":[{"embeddable":true,"href":"https:\/\/www.distinction.global\/pt-pt\/wp-json\/wp\/v2\/users\/1"}],"replies":[{"embeddable":true,"href":"https:\/\/www.distinction.global\/pt-pt\/wp-json\/wp\/v2\/comments?post=957"}],"version-history":[{"count":22,"href":"https:\/\/www.distinction.global\/pt-pt\/wp-json\/wp\/v2\/pages\/957\/revisions"}],"predecessor-version":[{"id":1295,"href":"https:\/\/www.distinction.global\/pt-pt\/wp-json\/wp\/v2\/pages\/957\/revisions\/1295"}],"wp:attachment":[{"href":"https:\/\/www.distinction.global\/pt-pt\/wp-json\/wp\/v2\/media?parent=957"}],"curies":[{"name":"wp","href":"https:\/\/api.w.org\/{rel}","templated":true}]}}