{"id":1116,"date":"2022-03-21T17:52:54","date_gmt":"2022-03-21T16:52:54","guid":{"rendered":"https:\/\/www.distinction.global\/biographie\/"},"modified":"2022-03-21T17:52:54","modified_gmt":"2022-03-21T16:52:54","slug":"biographie","status":"publish","type":"page","link":"https:\/\/www.distinction.global\/fr\/biographie\/","title":{"rendered":"BIOGRAPHIE"},"content":{"rendered":"\t\t<div data-elementor-type=\"wp-page\" data-elementor-id=\"1116\" class=\"elementor elementor-1116 elementor-782\" data-elementor-post-type=\"page\">\n\t\t\t\t\t\t<section class=\"elementor-section elementor-top-section elementor-element elementor-element-ef5e194 elementor-section-full_width elementor-section-height-min-height elementor-section-height-default elementor-section-items-middle\" data-id=\"ef5e194\" data-element_type=\"section\" data-settings=\"{&quot;background_background&quot;:&quot;classic&quot;}\">\n\t\t\t\t\t\t<div class=\"elementor-container elementor-column-gap-default\">\n\t\t\t\t\t<div class=\"elementor-column elementor-col-100 elementor-top-column elementor-element elementor-element-24c62c0\" data-id=\"24c62c0\" data-element_type=\"column\">\n\t\t\t<div class=\"elementor-widget-wrap elementor-element-populated\">\n\t\t\t\t\t\t<div class=\"elementor-element elementor-element-0027f47 elementor-widget elementor-widget-heading\" data-id=\"0027f47\" data-element_type=\"widget\" data-widget_type=\"heading.default\">\n\t\t\t\t<div class=\"elementor-widget-container\">\n\t\t\t\t\t<h2 class=\"elementor-heading-title elementor-size-default\">BIOGRAPHIE<\/h2>\t\t\t\t<\/div>\n\t\t\t\t<\/div>\n\t\t\t\t\t<\/div>\n\t\t<\/div>\n\t\t\t\t\t<\/div>\n\t\t<\/section>\n\t\t\t\t<section class=\"elementor-section elementor-top-section elementor-element elementor-element-a84963a elementor-section-boxed elementor-section-height-default elementor-section-height-default\" data-id=\"a84963a\" data-element_type=\"section\" data-settings=\"{&quot;background_background&quot;:&quot;classic&quot;}\">\n\t\t\t\t\t\t<div class=\"elementor-container elementor-column-gap-default\">\n\t\t\t\t\t<div class=\"elementor-column elementor-col-100 elementor-top-column elementor-element elementor-element-71ffec6\" data-id=\"71ffec6\" data-element_type=\"column\">\n\t\t\t<div class=\"elementor-widget-wrap elementor-element-populated\">\n\t\t\t\t\t\t<div class=\"elementor-element elementor-element-3c9c2d4 elementor-widget elementor-widget-text-editor\" data-id=\"3c9c2d4\" data-element_type=\"widget\" data-widget_type=\"text-editor.default\">\n\t\t\t\t<div class=\"elementor-widget-container\">\n\t\t\t\t\t\t\t\t\t<p>Peter Hacker est titulaire d&rsquo;un dipl\u00f4me d&rsquo;\u00e9conomie de l&rsquo;Universit\u00e9 des sciences appliqu\u00e9es de Zurich, d&rsquo;un double MBA de la London Business School (Distinction) et de la Columbia Business School (Honneurs).<\/p>\n<p>Avant de cofonder Distinction.Global en 2015, qui \u00e9tait auparavant une unit\u00e9 de l&rsquo;Institut de recherche sur la cybercriminalit\u00e9 de Cologne, un observatoire ind\u00e9pendant de la cybercriminalit\u00e9, Peter a dirig\u00e9 les services mondiaux CTM de JLT et Swiss Re, et a \u00e9t\u00e9 directeur de l&rsquo;innovation chez EdBroking. Son exp\u00e9rience internationale s&rsquo;est construite dans les domaines de la technologie, de la cybers\u00e9curit\u00e9, de la (r\u00e9)assurance et du financement structur\u00e9.<\/p>\n<p>Sa carri\u00e8re et son travail se sont concentr\u00e9s pendant de nombreuses ann\u00e9es sur des postes de direction \u00e0 Zurich, Londres, New York, Sao Paulo, Sydney et Singapour. <\/p>\n<p>Au cours de sa brillante carri\u00e8re, il a couvert les march\u00e9s europ\u00e9ens, asiatiques, nord-am\u00e9ricains et latins dans toutes les branches d&rsquo;activit\u00e9 assurance-vie et a acquis une connaissance approfondie d&rsquo;un secteur v\u00e9ritablement mondial. Il a cr\u00e9\u00e9 et g\u00e9r\u00e9 des \u00e9quipes issues de milieux culturels diff\u00e9rents. Il a construit un r\u00e9seau personnel fort et diversifi\u00e9 \u00e0 travers le secteur et est devenu un expert et un leader reconnu du secteur. Peter est multilingue (EN, FR, DE, PT, ES) et intervient fr\u00e9quemment dans le monde entier en tant qu&rsquo;expert en cyber-risque. <\/p>\n<p>Il est actuellement directeur de Distinction.Global, un groupe de r\u00e9flexion priv\u00e9 et ind\u00e9pendant ax\u00e9 sur le secteur des services financiers et des technologies, et conseille un certain nombre de compagnies d&rsquo;assurance directe et de r\u00e9assurance dans le domaine de la cybercriminalit\u00e9 silencieuse. <\/p>\n<p>Ses principaux travaux et recherches portent sur l&rsquo;utilisation des capacit\u00e9s d&rsquo;apprentissage manuel et automatique (y compris l&rsquo;intelligence des menaces et des clauses) pour amplifier le continuum des contrats, l&rsquo;\u00e9valuation des risques et les placements de r\u00e9assurance. Ces solutions bas\u00e9es sur l&rsquo;IA permettent aux conseils d&rsquo;administration non seulement de mieux saisir les exigences en mati\u00e8re de gestion des risques, de l\u00e9gislation, de souscription et de produits, mais aussi, et c&rsquo;est important, de fournir des informations exploitables aux actionnaires, aux r\u00e9gulateurs et aux agences de notation. <\/p>\n<p>Le march\u00e9 de la cybern\u00e9tique est encore tr\u00e8s jeune et doit faire face \u00e0 une multitude d&rsquo;incertitudes, comme peut-\u00eatre dans le domaine de la mod\u00e9lisation des catastrophes naturelles il y a 25 ans. Dans le m\u00eame temps, l&rsquo;\u00e9volution sans pr\u00e9c\u00e9dent du paysage des cybermenaces remet en cause de mani\u00e8re dynamique les premiers r\u00e9sultats de la mod\u00e9lisation cybern\u00e9tique. Peter a \u00e9t\u00e9 \u00e0 l&rsquo;avant-garde de ces d\u00e9fis, du d\u00e9veloppement des politiques de (r\u00e9)assurance cybern\u00e9tique et des capacit\u00e9s de mod\u00e9lisation de portefeuille. <\/p>\n\t\t\t\t\t\t\t\t<\/div>\n\t\t\t\t<\/div>\n\t\t\t\t<div class=\"elementor-element elementor-element-9d4f015 elementor-widget elementor-widget-button\" data-id=\"9d4f015\" data-element_type=\"widget\" data-widget_type=\"button.default\">\n\t\t\t\t<div class=\"elementor-widget-container\">\n\t\t\t\t\t\t\t\t\t<div class=\"elementor-button-wrapper\">\n\t\t\t\t\t<a class=\"elementor-button elementor-button-link elementor-size-md\" href=\"http:\/\/www.distinction.global\">\n\t\t\t\t\t\t<span class=\"elementor-button-content-wrapper\">\n\t\t\t\t\t\t\t\t\t<span class=\"elementor-button-text\">Arri\u00e8re<\/span>\n\t\t\t\t\t<\/span>\n\t\t\t\t\t<\/a>\n\t\t\t\t<\/div>\n\t\t\t\t\t\t\t\t<\/div>\n\t\t\t\t<\/div>\n\t\t\t\t\t<\/div>\n\t\t<\/div>\n\t\t\t\t\t<\/div>\n\t\t<\/section>\n\t\t\t\t<\/div>\n\t\t","protected":false},"excerpt":{"rendered":"<p>BIOGRAPHIE Peter Hacker est titulaire d&rsquo;un dipl\u00f4me d&rsquo;\u00e9conomie de l&rsquo;Universit\u00e9 des sciences appliqu\u00e9es de Zurich, d&rsquo;un double MBA de la London Business School (Distinction) et de la Columbia Business School (Honneurs). Avant de cofonder Distinction.Global en 2015, qui \u00e9tait auparavant une unit\u00e9 de l&rsquo;Institut de recherche sur la cybercriminalit\u00e9 de Cologne, un observatoire ind\u00e9pendant de [&hellip;]<\/p>\n","protected":false},"author":1,"featured_media":0,"parent":0,"menu_order":0,"comment_status":"closed","ping_status":"closed","template":"","meta":{"om_disable_all_campaigns":false,"_monsterinsights_skip_tracking":false,"_monsterinsights_sitenote_active":false,"_monsterinsights_sitenote_note":"","_monsterinsights_sitenote_category":0,"_uf_show_specific_survey":0,"_uf_disable_surveys":false,"footnotes":""},"class_list":["post-1116","page","type-page","status-publish","hentry"],"aioseo_notices":[],"_links":{"self":[{"href":"https:\/\/www.distinction.global\/fr\/wp-json\/wp\/v2\/pages\/1116","targetHints":{"allow":["GET"]}}],"collection":[{"href":"https:\/\/www.distinction.global\/fr\/wp-json\/wp\/v2\/pages"}],"about":[{"href":"https:\/\/www.distinction.global\/fr\/wp-json\/wp\/v2\/types\/page"}],"author":[{"embeddable":true,"href":"https:\/\/www.distinction.global\/fr\/wp-json\/wp\/v2\/users\/1"}],"replies":[{"embeddable":true,"href":"https:\/\/www.distinction.global\/fr\/wp-json\/wp\/v2\/comments?post=1116"}],"version-history":[{"count":1,"href":"https:\/\/www.distinction.global\/fr\/wp-json\/wp\/v2\/pages\/1116\/revisions"}],"predecessor-version":[{"id":1117,"href":"https:\/\/www.distinction.global\/fr\/wp-json\/wp\/v2\/pages\/1116\/revisions\/1117"}],"wp:attachment":[{"href":"https:\/\/www.distinction.global\/fr\/wp-json\/wp\/v2\/media?parent=1116"}],"curies":[{"name":"wp","href":"https:\/\/api.w.org\/{rel}","templated":true}]}}