{"id":1141,"date":"2022-03-21T18:27:32","date_gmt":"2022-03-21T17:27:32","guid":{"rendered":"https:\/\/www.distinction.global\/biografia\/"},"modified":"2022-03-21T18:27:33","modified_gmt":"2022-03-21T17:27:33","slug":"biografia","status":"publish","type":"page","link":"https:\/\/www.distinction.global\/es\/biografia\/","title":{"rendered":"Biograf\u00eda"},"content":{"rendered":"\t\t<div data-elementor-type=\"wp-page\" data-elementor-id=\"1141\" class=\"elementor elementor-1141 elementor-782\" data-elementor-post-type=\"page\">\n\t\t\t\t\t\t<section class=\"elementor-section elementor-top-section elementor-element elementor-element-ef5e194 elementor-section-full_width elementor-section-height-min-height elementor-section-height-default elementor-section-items-middle\" data-id=\"ef5e194\" data-element_type=\"section\" data-settings=\"{&quot;background_background&quot;:&quot;classic&quot;}\">\n\t\t\t\t\t\t<div class=\"elementor-container elementor-column-gap-default\">\n\t\t\t\t\t<div class=\"elementor-column elementor-col-100 elementor-top-column elementor-element elementor-element-24c62c0\" data-id=\"24c62c0\" data-element_type=\"column\">\n\t\t\t<div class=\"elementor-widget-wrap elementor-element-populated\">\n\t\t\t\t\t\t<div class=\"elementor-element elementor-element-0027f47 elementor-widget elementor-widget-heading\" data-id=\"0027f47\" data-element_type=\"widget\" data-widget_type=\"heading.default\">\n\t\t\t\t<div class=\"elementor-widget-container\">\n\t\t\t\t\t<h2 class=\"elementor-heading-title elementor-size-default\">Biograf\u00eda<\/h2>\t\t\t\t<\/div>\n\t\t\t\t<\/div>\n\t\t\t\t\t<\/div>\n\t\t<\/div>\n\t\t\t\t\t<\/div>\n\t\t<\/section>\n\t\t\t\t<section class=\"elementor-section elementor-top-section elementor-element elementor-element-a84963a elementor-section-boxed elementor-section-height-default elementor-section-height-default\" data-id=\"a84963a\" data-element_type=\"section\" data-settings=\"{&quot;background_background&quot;:&quot;classic&quot;}\">\n\t\t\t\t\t\t<div class=\"elementor-container elementor-column-gap-default\">\n\t\t\t\t\t<div class=\"elementor-column elementor-col-100 elementor-top-column elementor-element elementor-element-71ffec6\" data-id=\"71ffec6\" data-element_type=\"column\">\n\t\t\t<div class=\"elementor-widget-wrap elementor-element-populated\">\n\t\t\t\t\t\t<div class=\"elementor-element elementor-element-3c9c2d4 elementor-widget elementor-widget-text-editor\" data-id=\"3c9c2d4\" data-element_type=\"widget\" data-widget_type=\"text-editor.default\">\n\t\t\t\t<div class=\"elementor-widget-container\">\n\t\t\t\t\t\t\t\t\t<p>Peter Hacker es licenciado en Econom\u00eda por la Universidad de Ciencias Aplicadas de Z\u00farich y tiene un doble MBA por la London Business School (con distinci\u00f3n) y por la Columbia Business School (con matr\u00edcula de honor).<\/p>\n<p>Antes de cofundar Distinction.Global en 2015, que anteriormente era un departamento del Instituto de Investigaci\u00f3n de la Ciberdelincuencia con sede en Colonia, un observatorio independiente de la ciberdelincuencia, Peter dirigi\u00f3 los servicios globales de CTM de JLT y Swiss Re, y fue director de innovaci\u00f3n de EdBroking. Su trayectoria mundial se ha desarrollado en los \u00e1mbitos de la tecnolog\u00eda, la ciberseguridad, los (rea)seguros y las finanzas estructuradas. <\/p>\n<p>Su carrera y su trabajo se han centrado durante muchos a\u00f1os en la direcci\u00f3n ejecutiva en Z\u00farich, Londres, Nueva York, S\u00e3o Paulo, S\u00eddney y Singapur. <\/p>\n<p>A lo largo de su exitosa carrera, abarc\u00f3 los mercados europeos, asi\u00e1ticos, norteamericanos y latinos en todas las l\u00edneas de negocio no relacionadas con el seguro de vida, y desarroll\u00f3 una comprensi\u00f3n clara de una industria verdaderamente global. Cre\u00f3 y dirigi\u00f3 equipos de diferentes procedencias culturales. Construy\u00f3 una red personal s\u00f3lida y diversa en todo el sector y se convirti\u00f3 en un experto y l\u00edder reconocido de la industria. Peter es multiling\u00fce (EN, FR, DE, PT, ES) e interviene con frecuencia en todo el mundo como experto en cibern\u00e9tica y riesgos. <\/p>\n<p>En la actualidad es director de Distinction.Global, un think-tank privado e independiente centrado en la industria de los servicios financieros y la tecnolog\u00eda, adem\u00e1s de asesorar a una serie de empresas de seguros directos y reaseguros en el \u00e1mbito cibern\u00e9tico silencioso. Su principal trabajo e investigaci\u00f3n se centra en el uso de capacidades de aprendizaje manuales y autom\u00e1ticas (incluida la inteligencia de amenazas y cl\u00e1usulas) para ampliar la continuidad del contrato, la evaluaci\u00f3n de los riesgos y las contrataciones de reaseguros. Estas soluciones impulsadas por la IA permiten a los consejos de administraci\u00f3n no s\u00f3lo captar mejor los requisitos de gesti\u00f3n de riesgos, los jur\u00eddicos, los de suscripci\u00f3n y los de los productos, sino, principalmente, permiten proporcionar inteligencia aplicable a los accionistas, los reguladores y las agencias de calificaci\u00f3n. <\/p>\n<p>El mercado de la ciberseguridad es a\u00fan incipiente y se enfrenta a una multitud de incertidumbres, como quiz\u00e1 ocurr\u00eda en el \u00e1mbito de la modelizaci\u00f3n de cat\u00e1strofes naturales hace 25 a\u00f1os. Al mismo tiempo, los cambios sin precedentes en el panorama de las amenazas cibern\u00e9ticas est\u00e1n desafiando activamente los primeros logros de la modelizaci\u00f3n cibern\u00e9tica. Peter ha estado a la vanguardia de esos retos; en el desarrollo de las p\u00f3lizas de (rea)seguros cibern\u00e9ticos y en las capacidades de modelizaci\u00f3n de carteras. <\/p>\n\t\t\t\t\t\t\t\t<\/div>\n\t\t\t\t<\/div>\n\t\t\t\t<div class=\"elementor-element elementor-element-9d4f015 elementor-widget elementor-widget-button\" data-id=\"9d4f015\" data-element_type=\"widget\" data-widget_type=\"button.default\">\n\t\t\t\t<div class=\"elementor-widget-container\">\n\t\t\t\t\t\t\t\t\t<div class=\"elementor-button-wrapper\">\n\t\t\t\t\t<a class=\"elementor-button elementor-button-link elementor-size-md\" href=\"http:\/\/www.distinction.global\">\n\t\t\t\t\t\t<span class=\"elementor-button-content-wrapper\">\n\t\t\t\t\t\t\t\t\t<span class=\"elementor-button-text\">Atr\u00e1s<\/span>\n\t\t\t\t\t<\/span>\n\t\t\t\t\t<\/a>\n\t\t\t\t<\/div>\n\t\t\t\t\t\t\t\t<\/div>\n\t\t\t\t<\/div>\n\t\t\t\t\t<\/div>\n\t\t<\/div>\n\t\t\t\t\t<\/div>\n\t\t<\/section>\n\t\t\t\t<\/div>\n\t\t","protected":false},"excerpt":{"rendered":"<p>Biograf\u00eda Peter Hacker es licenciado en Econom\u00eda por la Universidad de Ciencias Aplicadas de Z\u00farich y tiene un doble MBA por la London Business School (con distinci\u00f3n) y por la Columbia Business School (con matr\u00edcula de honor). Antes de cofundar Distinction.Global en 2015, que anteriormente era un departamento del Instituto de Investigaci\u00f3n de la Ciberdelincuencia [&hellip;]<\/p>\n","protected":false},"author":1,"featured_media":0,"parent":0,"menu_order":0,"comment_status":"closed","ping_status":"closed","template":"","meta":{"om_disable_all_campaigns":false,"_monsterinsights_skip_tracking":false,"_monsterinsights_sitenote_active":false,"_monsterinsights_sitenote_note":"","_monsterinsights_sitenote_category":0,"_uf_show_specific_survey":0,"_uf_disable_surveys":false,"footnotes":""},"class_list":["post-1141","page","type-page","status-publish","hentry"],"aioseo_notices":[],"_links":{"self":[{"href":"https:\/\/www.distinction.global\/es\/wp-json\/wp\/v2\/pages\/1141","targetHints":{"allow":["GET"]}}],"collection":[{"href":"https:\/\/www.distinction.global\/es\/wp-json\/wp\/v2\/pages"}],"about":[{"href":"https:\/\/www.distinction.global\/es\/wp-json\/wp\/v2\/types\/page"}],"author":[{"embeddable":true,"href":"https:\/\/www.distinction.global\/es\/wp-json\/wp\/v2\/users\/1"}],"replies":[{"embeddable":true,"href":"https:\/\/www.distinction.global\/es\/wp-json\/wp\/v2\/comments?post=1141"}],"version-history":[{"count":1,"href":"https:\/\/www.distinction.global\/es\/wp-json\/wp\/v2\/pages\/1141\/revisions"}],"predecessor-version":[{"id":1142,"href":"https:\/\/www.distinction.global\/es\/wp-json\/wp\/v2\/pages\/1141\/revisions\/1142"}],"wp:attachment":[{"href":"https:\/\/www.distinction.global\/es\/wp-json\/wp\/v2\/media?parent=1141"}],"curies":[{"name":"wp","href":"https:\/\/api.w.org\/{rel}","templated":true}]}}