{"id":883,"date":"2021-09-15T09:30:09","date_gmt":"2021-09-15T07:30:09","guid":{"rendered":"https:\/\/www.distinction.global\/biography\/"},"modified":"2021-12-02T16:19:59","modified_gmt":"2021-12-02T15:19:59","slug":"biography","status":"publish","type":"page","link":"https:\/\/www.distinction.global\/de\/biography\/","title":{"rendered":"Biography"},"content":{"rendered":"\t\t<div data-elementor-type=\"wp-page\" data-elementor-id=\"883\" class=\"elementor elementor-883 elementor-782\" data-elementor-post-type=\"page\">\n\t\t\t\t\t\t<section class=\"elementor-section elementor-top-section elementor-element elementor-element-ef5e194 elementor-section-full_width elementor-section-height-min-height elementor-section-height-default elementor-section-items-middle\" data-id=\"ef5e194\" data-element_type=\"section\" data-settings=\"{&quot;background_background&quot;:&quot;classic&quot;}\">\n\t\t\t\t\t\t<div class=\"elementor-container elementor-column-gap-default\">\n\t\t\t\t\t<div class=\"elementor-column elementor-col-100 elementor-top-column elementor-element elementor-element-24c62c0\" data-id=\"24c62c0\" data-element_type=\"column\">\n\t\t\t<div class=\"elementor-widget-wrap elementor-element-populated\">\n\t\t\t\t\t\t<div class=\"elementor-element elementor-element-0027f47 elementor-widget elementor-widget-heading\" data-id=\"0027f47\" data-element_type=\"widget\" data-widget_type=\"heading.default\">\n\t\t\t\t<div class=\"elementor-widget-container\">\n\t\t\t\t\t<h2 class=\"elementor-heading-title elementor-size-default\">Biografie<\/h2>\t\t\t\t<\/div>\n\t\t\t\t<\/div>\n\t\t\t\t\t<\/div>\n\t\t<\/div>\n\t\t\t\t\t<\/div>\n\t\t<\/section>\n\t\t\t\t<section class=\"elementor-section elementor-top-section elementor-element elementor-element-a84963a elementor-section-boxed elementor-section-height-default elementor-section-height-default\" data-id=\"a84963a\" data-element_type=\"section\" data-settings=\"{&quot;background_background&quot;:&quot;classic&quot;}\">\n\t\t\t\t\t\t<div class=\"elementor-container elementor-column-gap-default\">\n\t\t\t\t\t<div class=\"elementor-column elementor-col-100 elementor-top-column elementor-element elementor-element-71ffec6\" data-id=\"71ffec6\" data-element_type=\"column\">\n\t\t\t<div class=\"elementor-widget-wrap elementor-element-populated\">\n\t\t\t\t\t\t<div class=\"elementor-element elementor-element-3c9c2d4 elementor-widget elementor-widget-text-editor\" data-id=\"3c9c2d4\" data-element_type=\"widget\" data-widget_type=\"text-editor.default\">\n\t\t\t\t<div class=\"elementor-widget-container\">\n\t\t\t\t\t\t\t\t\t<p><strong>Peter Hacker<\/strong> hat einen Abschluss in Wirtschaftswissenschaften von der Z\u00fcricher Hochschule f\u00fcr Angewandte Wissenschaften und einen dualen MBA von der London Business School und der Columbia Business School (jeweils mit Auszeichnung).<\/p><p>Vor der Mitgr\u00fcndung von Distinction.Global im Jahr 2015 \u2013 zuvor eine Einheit der Cyber Crime Research Institute GmbH mit Sitz in K\u00f6ln, ein unabh\u00e4ngiges Observatorium f\u00fcr Cyberrisiken \u2013 leitete Peter bei JLT und der Swiss Re Gruppe die CTM-Verfahren und war Chief Innovation Officer bei Ed Broking. Seine globale Erfolgsgeschichte umfasst die Themen Technologie, Cyber Security, (R\u00fcck-)Versicherung und strukturierte Finanzierungen.<\/p><p>Seit vielen Jahren fokussiert sich seine Karriere und Arbeit auf die Top-Management-Ebene \u2013 ob in Z\u00fcrich, London, New York, S\u00e3o Paulo oder Singapur.<\/p><p>Im Laufe seiner \u00fcberaus erfolgreichen Karriere befasste er sich, \u00fcber s\u00e4mtliche Bereiche der Sachversicherung hinweg, mit europ\u00e4ischen, asiatischen, nordamerikanischen und lateinamerikanischen M\u00e4rkten und entwickelte dabei ein tiefgreifendes Verst\u00e4ndnis einer wahrlich globalen Branche. Er erstellte und leitete Teams unterschiedlicher kultureller Herkunft. \u00dcber die Jahre hat er sich ein starkes und vielf\u00e4ltiges pers\u00f6nliches Netzwerk aufgebaut, das s\u00e4mtliche Bereiche der Branche abdeckt, und sich den Rang eines anerkannten Branchenf\u00fchrers und -experten erarbeitet. Peter spricht f\u00fcnf Sprachen (EN, FR, DE, PO, ES) und wird auf der ganzen Welt als Cyber- und Risikoexperte angefragt.<\/p><p>Derzeit ist er Gesch\u00e4ftsf\u00fchrer von Distinction.Global, einem privat gef\u00fchrten und unabh\u00e4ngigen Think-Tank mit Schwerpunkt in der Finanzdienstleistungs- und Technologiebranche, und Berater einer Vielzahl von R\u00fcckversicherungs- und Versicherungsunternehmen im Bereich der stillen Cyberbedrohungen. Seine Arbeit und Forschung konzentriert sich auf die Anwendung von menschlichen und maschinellen Lernf\u00e4higkeiten (inkl. Bedrohungs- und Bestimmungsdaten), um ein nahtloses Ineinandergreifen von Vertrag, Risikoeinsch\u00e4tzung und Platzierung von R\u00fcckversicherungen zu sichern. Solche KI-gest\u00fctzten L\u00f6sungen erlauben es Firmenvorst\u00e4nden nicht nur, die Themen Risikomanagement, Recht, Assekuranz und Produktanforderungen besser zu erfassen. Sie bef\u00e4higen sie vor allem dazu, Shareholder, Aufsichtsbeh\u00f6rden und Rating-Agenturen mit aussagekr\u00e4ftigen Informationen zu versorgen.<\/p><p>Der Cybermarkt ist noch sehr jung und befasst sich mit einer Vielzahl von Ungewissheiten, wie etwa vor 25 Jahren im Bereich der Modellierung von Naturkatastrophen. Gleichzeitig fordert der beispiellose Wandel in der Cyberbedrohungslandschaft fr\u00fche Erfolge der Cyber-Modellierung auf dynamische Weise heraus. Peter ist seit Jahren die Speerspitze gegen diese Herausforderungen \u2013 mit der Entwicklung von Cyber-(R\u00fcck-)Versicherungspolicen und der Modellierung von Portfolios.<\/p>\t\t\t\t\t\t\t\t<\/div>\n\t\t\t\t<\/div>\n\t\t\t\t<div class=\"elementor-element elementor-element-9d4f015 elementor-widget elementor-widget-button\" data-id=\"9d4f015\" data-element_type=\"widget\" data-widget_type=\"button.default\">\n\t\t\t\t<div class=\"elementor-widget-container\">\n\t\t\t\t\t\t\t\t\t<div class=\"elementor-button-wrapper\">\n\t\t\t\t\t<a class=\"elementor-button elementor-button-link elementor-size-md\" href=\"https:\/\/www.distinction.global\/de\/\">\n\t\t\t\t\t\t<span class=\"elementor-button-content-wrapper\">\n\t\t\t\t\t\t\t\t\t<span class=\"elementor-button-text\">Zur\u00fcck<\/span>\n\t\t\t\t\t<\/span>\n\t\t\t\t\t<\/a>\n\t\t\t\t<\/div>\n\t\t\t\t\t\t\t\t<\/div>\n\t\t\t\t<\/div>\n\t\t\t\t\t<\/div>\n\t\t<\/div>\n\t\t\t\t\t<\/div>\n\t\t<\/section>\n\t\t\t\t<\/div>\n\t\t","protected":false},"excerpt":{"rendered":"<p>Biografie Peter Hacker hat einen Abschluss in Wirtschaftswissenschaften von der Z\u00fcricher Hochschule f\u00fcr Angewandte Wissenschaften und einen dualen MBA von der London Business School und der Columbia Business School (jeweils mit Auszeichnung). Vor der Mitgr\u00fcndung von Distinction.Global im Jahr 2015 \u2013 zuvor eine Einheit der Cyber Crime Research Institute GmbH mit Sitz in K\u00f6ln, ein [&hellip;]<\/p>\n","protected":false},"author":1,"featured_media":0,"parent":0,"menu_order":0,"comment_status":"closed","ping_status":"closed","template":"","meta":{"om_disable_all_campaigns":false,"_monsterinsights_skip_tracking":false,"_monsterinsights_sitenote_active":false,"_monsterinsights_sitenote_note":"","_monsterinsights_sitenote_category":0,"_uf_show_specific_survey":0,"_uf_disable_surveys":false,"footnotes":""},"class_list":["post-883","page","type-page","status-publish","hentry"],"aioseo_notices":[],"_links":{"self":[{"href":"https:\/\/www.distinction.global\/de\/wp-json\/wp\/v2\/pages\/883","targetHints":{"allow":["GET"]}}],"collection":[{"href":"https:\/\/www.distinction.global\/de\/wp-json\/wp\/v2\/pages"}],"about":[{"href":"https:\/\/www.distinction.global\/de\/wp-json\/wp\/v2\/types\/page"}],"author":[{"embeddable":true,"href":"https:\/\/www.distinction.global\/de\/wp-json\/wp\/v2\/users\/1"}],"replies":[{"embeddable":true,"href":"https:\/\/www.distinction.global\/de\/wp-json\/wp\/v2\/comments?post=883"}],"version-history":[{"count":7,"href":"https:\/\/www.distinction.global\/de\/wp-json\/wp\/v2\/pages\/883\/revisions"}],"predecessor-version":[{"id":980,"href":"https:\/\/www.distinction.global\/de\/wp-json\/wp\/v2\/pages\/883\/revisions\/980"}],"wp:attachment":[{"href":"https:\/\/www.distinction.global\/de\/wp-json\/wp\/v2\/media?parent=883"}],"curies":[{"name":"wp","href":"https:\/\/api.w.org\/{rel}","templated":true}]}}